{"id":52,"date":"2020-02-25T15:16:32","date_gmt":"2020-02-25T15:16:32","guid":{"rendered":"http:\/\/www.vistaprint.es\/hub\/?page_id=52"},"modified":"2025-06-10T08:07:01","modified_gmt":"2025-06-10T08:07:01","slug":"home","status":"publish","type":"page","link":"https:\/\/www.vistaprint.es\/hub\/","title":{"rendered":"Home"},"content":{"rendered":"","protected":false},"excerpt":{"rendered":"","protected":false},"author":1,"featured_media":0,"parent":0,"menu_order":0,"comment_status":"closed","ping_status":"closed","template":"page-home.php","meta":{"_acf_changed":false,"_seopress_robots_primary_cat":"","_seopress_titles_title":"Blog para peque\u00f1as empresas: ideas y consejos de expertos | VistaPrint","_seopress_titles_desc":"\u00bfBuscas ideas de marketing para tu peque\u00f1a empresa? Los expertos del blog para peque\u00f1as empresas de VistaPrint comparten consejos sobre marketing, publicidad y construcci\u00f3n de marca. Encuentra los recursos que necesitas e insp\u00edrate con historias reales de otros peque\u00f1os empresarios.","_seopress_robots_index":"","_cloudinary_featured_overwrite":false,"editor_notices":[],"footnotes":""},"class_list":["post-52","page","type-page","status-publish","hentry"],"acf":{"vp_publishing_settings_post_modified":false},"_links":{"self":[{"href":"https:\/\/www.vistaprint.es\/hub\/wp-json\/wp\/v2\/pages\/52","targetHints":{"allow":["GET"]}}],"collection":[{"href":"https:\/\/www.vistaprint.es\/hub\/wp-json\/wp\/v2\/pages"}],"about":[{"href":"https:\/\/www.vistaprint.es\/hub\/wp-json\/wp\/v2\/types\/page"}],"author":[{"embeddable":true,"href":"https:\/\/www.vistaprint.es\/hub\/wp-json\/wp\/v2\/users\/1"}],"replies":[{"embeddable":true,"href":"https:\/\/www.vistaprint.es\/hub\/wp-json\/wp\/v2\/comments?post=52"}],"version-history":[{"count":1,"href":"https:\/\/www.vistaprint.es\/hub\/wp-json\/wp\/v2\/pages\/52\/revisions"}],"predecessor-version":[{"id":10371,"href":"https:\/\/www.vistaprint.es\/hub\/wp-json\/wp\/v2\/pages\/52\/revisions\/10371"}],"wp:attachment":[{"href":"https:\/\/www.vistaprint.es\/hub\/wp-json\/wp\/v2\/media?parent=52"}],"curies":[{"name":"wp","href":"https:\/\/api.w.org\/{rel}","templated":true}]}}